{"id":227751,"date":"2021-02-23T15:34:19","date_gmt":"2021-02-23T15:34:19","guid":{"rendered":"https:\/\/saraburguet.com\/news\/"},"modified":"2026-03-25T14:49:32","modified_gmt":"2026-03-25T14:49:32","slug":"news","status":"publish","type":"page","link":"https:\/\/saraburguet.com\/en\/news\/","title":{"rendered":"News"},"content":{"rendered":"<p>[et_pb_section fb_built=&#8221;1&#8243; _builder_version=&#8221;4.16&#8243; _module_preset=&#8221;default&#8221; custom_margin=&#8221;||-84px|||&#8221; global_colors_info=&#8221;{}&#8221;][et_pb_row column_structure=&#8221;3_4,1_4&#8243; _builder_version=&#8221;4.16&#8243; _module_preset=&#8221;default&#8221; global_colors_info=&#8221;{}&#8221;][et_pb_column type=&#8221;3_4&#8243; _builder_version=&#8221;4.16&#8243; _module_preset=&#8221;default&#8221; global_colors_info=&#8221;{}&#8221;][et_pb_text _builder_version=&#8221;4.16&#8243; text_font=&#8221;Sarabun|300|||||||&#8221; text_text_color=&#8221;#54A199&#8243; text_font_size=&#8221;40px&#8221; text_line_height=&#8221;1.3em&#8221; text_orientation=&#8221;center&#8221; global_colors_info=&#8221;{}&#8221;]<\/p>\n<p style=\"text-align: left\">Spine Surgery Blog<\/p>\n<p>[\/et_pb_text][\/et_pb_column][et_pb_column type=&#8221;1_4&#8243; _builder_version=&#8221;4.16&#8243; _module_preset=&#8221;default&#8221; global_colors_info=&#8221;{}&#8221;][\/et_pb_column][\/et_pb_row][\/et_pb_section][et_pb_section fb_built=&#8221;1&#8243; _builder_version=&#8221;4.16&#8243; _module_preset=&#8221;default&#8221; custom_padding=&#8221;22px||50px|||&#8221; global_colors_info=&#8221;{}&#8221;][et_pb_row _builder_version=&#8221;4.16&#8243; _module_preset=&#8221;default&#8221; custom_padding=&#8221;||6px|||&#8221; global_colors_info=&#8221;{}&#8221;][et_pb_column type=&#8221;4_4&#8243; _builder_version=&#8221;4.16&#8243; _module_preset=&#8221;default&#8221; global_colors_info=&#8221;{}&#8221;][et_pb_blog fullwidth=&#8221;off&#8221; posts_number=&#8221;100&#8243; include_categories=&#8221;63,62,21,20,all&#8221; excerpt_length=&#8221;120&#8243; show_more=&#8221;on&#8221; show_author=&#8221;off&#8221; show_categories=&#8221;off&#8221; _builder_version=&#8221;4.16&#8243; _module_preset=&#8221;default&#8221; header_font=&#8221;Sarabun|300|||||||&#8221; header_text_align=&#8221;left&#8221; header_font_size=&#8221;30px&#8221; header_line_height=&#8221;1.3em&#8221; body_font=&#8221;||||||||&#8221; body_font_size=&#8221;15px&#8221; body_line_height=&#8221;1.4em&#8221; meta_font=&#8221;|600|||||||&#8221; meta_text_align=&#8221;left&#8221; meta_text_color=&#8221;#54A199&#8243; meta_font_size=&#8221;14px&#8221; read_more_font=&#8221;Sarabun|300|||||||&#8221; read_more_text_color=&#8221;#54A199&#8243; read_more_font_size=&#8221;16px&#8221; text_orientation=&#8221;left&#8221; width=&#8221;99%&#8221; module_alignment=&#8221;center&#8221; custom_margin=&#8221;-29px|-471px||||&#8221; link_option_url_new_window=&#8221;on&#8221; border_width_all=&#8221;0px&#8221; border_color_all=&#8221;#D4F4F0&#8243; global_colors_info=&#8221;{}&#8221;][\/et_pb_blog][\/et_pb_column][\/et_pb_row][\/et_pb_section][et_pb_section fb_built=&#8221;1&#8243; next_background_color=&#8221;#F5F5F5&#8243; _builder_version=&#8221;4.16&#8243; _module_preset=&#8221;default&#8221; bottom_divider_style=&#8221;arrow2&#8243; bottom_divider_height=&#8221;30px&#8221; global_colors_info=&#8221;{}&#8221; custom_padding=&#8221;13px||15px|||&#8221;][et_pb_row column_structure=&#8221;1_5,1_5,1_5,1_5,1_5&#8243; _builder_version=&#8221;4.16&#8243; _module_preset=&#8221;default&#8221; locked=&#8221;off&#8221; global_colors_info=&#8221;{}&#8221; custom_padding=&#8221;18px||25px|||&#8221;][et_pb_column type=&#8221;1_5&#8243; _builder_version=&#8221;4.16&#8243; _module_preset=&#8221;default&#8221; global_colors_info=&#8221;{}&#8221;][\/et_pb_column][et_pb_column type=&#8221;1_5&#8243; _builder_version=&#8221;4.16&#8243; _module_preset=&#8221;default&#8221; global_colors_info=&#8221;{}&#8221;][\/et_pb_column][et_pb_column type=&#8221;1_5&#8243; _builder_version=&#8221;4.16&#8243; _module_preset=&#8221;default&#8221; global_colors_info=&#8221;{}&#8221;][et_pb_image src=&#8221;https:\/\/saraburguet.com\/wp-content\/uploads\/2021\/01\/icon-copia.png&#8221; title_text=&#8221;icon copia&#8221; _builder_version=&#8221;4.16&#8243; _module_preset=&#8221;default&#8221; transform_scale=&#8221;50%|50%&#8221; global_colors_info=&#8221;{}&#8221;][\/et_pb_image][\/et_pb_column][et_pb_column type=&#8221;1_5&#8243; _builder_version=&#8221;4.16&#8243; _module_preset=&#8221;default&#8221; global_colors_info=&#8221;{}&#8221;][\/et_pb_column][et_pb_column type=&#8221;1_5&#8243; _builder_version=&#8221;4.16&#8243; _module_preset=&#8221;default&#8221; global_colors_info=&#8221;{}&#8221;][\/et_pb_column][\/et_pb_row][\/et_pb_section][et_pb_section fb_built=&#8221;1&#8243; _builder_version=&#8221;4.16&#8243; _module_preset=&#8221;default&#8221; background_color=&#8221;#F5F5F5&#8243; background_enable_image=&#8221;off&#8221; saved_tabs=&#8221;all&#8221; locked=&#8221;off&#8221; global_colors_info=&#8221;{}&#8221; theme_builder_area=&#8221;post_content&#8221;][et_pb_row _builder_version=&#8221;4.16&#8243; _module_preset=&#8221;default&#8221; global_colors_info=&#8221;{}&#8221; theme_builder_area=&#8221;post_content&#8221;][et_pb_column type=&#8221;4_4&#8243; _builder_version=&#8221;4.16&#8243; _module_preset=&#8221;default&#8221; global_colors_info=&#8221;{}&#8221; theme_builder_area=&#8221;post_content&#8221;][et_pb_text _builder_version=&#8221;4.16&#8243; _module_preset=&#8221;default&#8221; header_font=&#8221;|300|||||||&#8221; header_2_font=&#8221;|300|||||||&#8221; header_2_text_align=&#8221;left&#8221; header_2_text_color=&#8221;#54A199&#8243; header_2_font_size=&#8221;36px&#8221; global_colors_info=&#8221;{}&#8221; theme_builder_area=&#8221;post_content&#8221;]<\/p>\n<h2><span class=\"s1\"><\/span>Book an appointment<\/h2>\n<p>[\/et_pb_text][\/et_pb_column][\/et_pb_row][et_pb_row column_structure=&#8221;1_2,1_2&#8243; _builder_version=&#8221;4.16&#8243; _module_preset=&#8221;default&#8221; locked=&#8221;off&#8221; global_colors_info=&#8221;{}&#8221; theme_builder_area=&#8221;post_content&#8221;][et_pb_column type=&#8221;1_2&#8243; _builder_version=&#8221;4.16&#8243; _module_preset=&#8221;default&#8221; global_colors_info=&#8221;{}&#8221; theme_builder_area=&#8221;post_content&#8221;][et_pb_text _builder_version=&#8221;4.16&#8243; _module_preset=&#8221;default&#8221; text_font=&#8221;||||||||&#8221; text_text_color=&#8221;#54A199&#8243; text_font_size=&#8221;18px&#8221; text_line_height=&#8221;1.3em&#8221; header_font=&#8221;|300|||||||&#8221; header_font_size=&#8221;24px&#8221; header_line_height=&#8221;1.3em&#8221; header_3_font=&#8221;||||||||&#8221; header_3_font_size=&#8221;10px&#8221; global_colors_info=&#8221;{}&#8221; theme_builder_area=&#8221;post_content&#8221;]<\/p>\n<h1>Whatsapp: \u202a644 05 76 61\u202c<\/h1>\n<h1>Email: <span style=\"color: #333333;\"><a href=\"mailto:info@saraburguet.com\" style=\"color: #333333;\">info@saraburguet.com<\/a><\/span><\/h1>\n<p>[\/et_pb_text][et_pb_text _builder_version=&#8221;4.16&#8243; _module_preset=&#8221;default&#8221; text_font=&#8221;||||||||&#8221; text_text_color=&#8221;#54A199&#8243; text_font_size=&#8221;18px&#8221; text_line_height=&#8221;1.3em&#8221; header_font=&#8221;|300|||||||&#8221; header_font_size=&#8221;24px&#8221; header_line_height=&#8221;1.3em&#8221; header_3_font=&#8221;||||||||&#8221; header_3_font_size=&#8221;10px&#8221; global_colors_info=&#8221;{}&#8221; theme_builder_area=&#8221;post_content&#8221;]<\/p>\n<h1><span style=\"color: #333333;\"><a href=\"mailto:info@saraburguet.com\" style=\"color: #333333;\"><\/a><\/span><\/h1>\n<h1>Or, if you prefer, fill out the following<br \/>contact form and we will call you.<\/h1>\n<p>[\/et_pb_text][et_pb_contact_form email=&#8221;info@saraburguet.com &#8221; _builder_version=&#8221;4.16&#8243; _module_preset=&#8221;default&#8221; _unique_id=&#8221;b5edf221-c34e-4dd5-8d63-5533e1b9a2fe&#8221; global_colors_info=&#8221;{}&#8221; theme_builder_area=&#8221;post_content&#8221;][et_pb_contact_field field_id=&#8221;Name&#8221; field_title=&#8221;First Name&#8221; _builder_version=&#8221;4.16&#8243; global_colors_info=&#8221;{}&#8221; button_text_size__hover_enabled=&#8221;off&#8221; button_one_text_size__hover_enabled=&#8221;off&#8221; button_two_text_size__hover_enabled=&#8221;off&#8221; button_text_color__hover_enabled=&#8221;off&#8221; button_one_text_color__hover_enabled=&#8221;off&#8221; button_two_text_color__hover_enabled=&#8221;off&#8221; button_border_width__hover_enabled=&#8221;off&#8221; button_one_border_width__hover_enabled=&#8221;off&#8221; button_two_border_width__hover_enabled=&#8221;off&#8221; button_border_color__hover_enabled=&#8221;off&#8221; button_one_border_color__hover_enabled=&#8221;off&#8221; button_two_border_color__hover_enabled=&#8221;off&#8221; button_border_radius__hover_enabled=&#8221;off&#8221; button_one_border_radius__hover_enabled=&#8221;off&#8221; button_two_border_radius__hover_enabled=&#8221;off&#8221; button_letter_spacing__hover_enabled=&#8221;off&#8221; button_one_letter_spacing__hover_enabled=&#8221;off&#8221; button_two_letter_spacing__hover_enabled=&#8221;off&#8221; button_bg_color__hover_enabled=&#8221;off&#8221; button_one_bg_color__hover_enabled=&#8221;off&#8221; button_two_bg_color__hover_enabled=&#8221;off&#8221; theme_builder_area=&#8221;post_content&#8221;][\/et_pb_contact_field][et_pb_contact_field field_id=&#8221;Apellido&#8221; field_title=&#8221;Last Name&#8221; _builder_version=&#8221;4.16&#8243; global_colors_info=&#8221;{}&#8221; button_text_size__hover_enabled=&#8221;off&#8221; button_one_text_size__hover_enabled=&#8221;off&#8221; button_two_text_size__hover_enabled=&#8221;off&#8221; button_text_color__hover_enabled=&#8221;off&#8221; button_one_text_color__hover_enabled=&#8221;off&#8221; button_two_text_color__hover_enabled=&#8221;off&#8221; button_border_width__hover_enabled=&#8221;off&#8221; button_one_border_width__hover_enabled=&#8221;off&#8221; button_two_border_width__hover_enabled=&#8221;off&#8221; button_border_color__hover_enabled=&#8221;off&#8221; button_one_border_color__hover_enabled=&#8221;off&#8221; button_two_border_color__hover_enabled=&#8221;off&#8221; button_border_radius__hover_enabled=&#8221;off&#8221; button_one_border_radius__hover_enabled=&#8221;off&#8221; button_two_border_radius__hover_enabled=&#8221;off&#8221; button_letter_spacing__hover_enabled=&#8221;off&#8221; button_one_letter_spacing__hover_enabled=&#8221;off&#8221; button_two_letter_spacing__hover_enabled=&#8221;off&#8221; button_bg_color__hover_enabled=&#8221;off&#8221; button_one_bg_color__hover_enabled=&#8221;off&#8221; button_two_bg_color__hover_enabled=&#8221;off&#8221; theme_builder_area=&#8221;post_content&#8221;][\/et_pb_contact_field][et_pb_contact_field field_id=&#8221;Tel\u00e9fono&#8221; field_title=&#8221;Phone Number&#8221; _builder_version=&#8221;4.16&#8243; global_colors_info=&#8221;{}&#8221; button_text_size__hover_enabled=&#8221;off&#8221; button_one_text_size__hover_enabled=&#8221;off&#8221; button_two_text_size__hover_enabled=&#8221;off&#8221; button_text_color__hover_enabled=&#8221;off&#8221; button_one_text_color__hover_enabled=&#8221;off&#8221; button_two_text_color__hover_enabled=&#8221;off&#8221; button_border_width__hover_enabled=&#8221;off&#8221; button_one_border_width__hover_enabled=&#8221;off&#8221; button_two_border_width__hover_enabled=&#8221;off&#8221; button_border_color__hover_enabled=&#8221;off&#8221; button_one_border_color__hover_enabled=&#8221;off&#8221; button_two_border_color__hover_enabled=&#8221;off&#8221; button_border_radius__hover_enabled=&#8221;off&#8221; button_one_border_radius__hover_enabled=&#8221;off&#8221; button_two_border_radius__hover_enabled=&#8221;off&#8221; button_letter_spacing__hover_enabled=&#8221;off&#8221; button_one_letter_spacing__hover_enabled=&#8221;off&#8221; button_two_letter_spacing__hover_enabled=&#8221;off&#8221; button_bg_color__hover_enabled=&#8221;off&#8221; button_one_bg_color__hover_enabled=&#8221;off&#8221; button_two_bg_color__hover_enabled=&#8221;off&#8221; theme_builder_area=&#8221;post_content&#8221;][\/et_pb_contact_field][et_pb_contact_field field_id=&#8221;Email&#8221; field_title=&#8221;Email&#8221; field_type=&#8221;email&#8221; _builder_version=&#8221;4.16&#8243; global_colors_info=&#8221;{}&#8221; button_text_size__hover_enabled=&#8221;off&#8221; button_one_text_size__hover_enabled=&#8221;off&#8221; button_two_text_size__hover_enabled=&#8221;off&#8221; button_text_color__hover_enabled=&#8221;off&#8221; button_one_text_color__hover_enabled=&#8221;off&#8221; button_two_text_color__hover_enabled=&#8221;off&#8221; button_border_width__hover_enabled=&#8221;off&#8221; button_one_border_width__hover_enabled=&#8221;off&#8221; button_two_border_width__hover_enabled=&#8221;off&#8221; button_border_color__hover_enabled=&#8221;off&#8221; button_one_border_color__hover_enabled=&#8221;off&#8221; button_two_border_color__hover_enabled=&#8221;off&#8221; button_border_radius__hover_enabled=&#8221;off&#8221; button_one_border_radius__hover_enabled=&#8221;off&#8221; button_two_border_radius__hover_enabled=&#8221;off&#8221; button_letter_spacing__hover_enabled=&#8221;off&#8221; button_one_letter_spacing__hover_enabled=&#8221;off&#8221; button_two_letter_spacing__hover_enabled=&#8221;off&#8221; button_bg_color__hover_enabled=&#8221;off&#8221; button_one_bg_color__hover_enabled=&#8221;off&#8221; button_two_bg_color__hover_enabled=&#8221;off&#8221; theme_builder_area=&#8221;post_content&#8221;][\/et_pb_contact_field][et_pb_contact_field field_id=&#8221;Message&#8221; field_title=&#8221;Message&#8221; field_type=&#8221;text&#8221; fullwidth_field=&#8221;on&#8221; _builder_version=&#8221;4.16&#8243; global_colors_info=&#8221;{}&#8221; button_text_size__hover_enabled=&#8221;off&#8221; button_one_text_size__hover_enabled=&#8221;off&#8221; button_two_text_size__hover_enabled=&#8221;off&#8221; button_text_color__hover_enabled=&#8221;off&#8221; button_one_text_color__hover_enabled=&#8221;off&#8221; button_two_text_color__hover_enabled=&#8221;off&#8221; button_border_width__hover_enabled=&#8221;off&#8221; button_one_border_width__hover_enabled=&#8221;off&#8221; button_two_border_width__hover_enabled=&#8221;off&#8221; button_border_color__hover_enabled=&#8221;off&#8221; button_one_border_color__hover_enabled=&#8221;off&#8221; button_two_border_color__hover_enabled=&#8221;off&#8221; button_border_radius__hover_enabled=&#8221;off&#8221; button_one_border_radius__hover_enabled=&#8221;off&#8221; button_two_border_radius__hover_enabled=&#8221;off&#8221; button_letter_spacing__hover_enabled=&#8221;off&#8221; button_one_letter_spacing__hover_enabled=&#8221;off&#8221; button_two_letter_spacing__hover_enabled=&#8221;off&#8221; button_bg_color__hover_enabled=&#8221;off&#8221; button_one_bg_color__hover_enabled=&#8221;off&#8221; button_two_bg_color__hover_enabled=&#8221;off&#8221; theme_builder_area=&#8221;post_content&#8221;][\/et_pb_contact_field][\/et_pb_contact_form][\/et_pb_column][et_pb_column type=&#8221;1_2&#8243; _builder_version=&#8221;4.16&#8243; _module_preset=&#8221;default&#8221; global_colors_info=&#8221;{}&#8221; theme_builder_area=&#8221;post_content&#8221;][et_pb_text _builder_version=&#8221;4.16&#8243; _module_preset=&#8221;default&#8221; text_font=&#8221;||||||||&#8221; text_text_color=&#8221;#54A199&#8243; text_font_size=&#8221;18px&#8221; text_line_height=&#8221;1.3em&#8221; header_font=&#8221;|300|||||||&#8221; header_font_size=&#8221;24px&#8221; header_line_height=&#8221;1.3em&#8221; header_3_font=&#8221;||||||||&#8221; header_3_font_size=&#8221;10px&#8221; global_colors_info=&#8221;{}&#8221; theme_builder_area=&#8221;post_content&#8221;]<\/p>\n<h1><span class=\"s1\">Hospital IMED Col\u00f3n<\/span><\/h1>\n<p><span style=\"color: #333333;\">Carrer d&#8217;Isabel la Cat\u00f2lica, 12, L&#8217;Eixample, 46004 Val\u00e8ncia, Valencia<\/span><\/p>\n<p>[\/et_pb_text][et_pb_code _builder_version=&#8221;4.27.4&#8243; _module_preset=&#8221;default&#8221; global_colors_info=&#8221;{}&#8221; theme_builder_area=&#8221;post_content&#8221;]<iframe src=\"https:\/\/www.google.com\/maps\/embed?pb=!1m18!1m12!1m3!1d759.4089634258339!2d-0.37134565243692047!3d39.4684348619777!2m3!1f0!2f0!3f0!3m2!1i1024!2i768!4f13.1!3m3!1m2!1s0xd60497899c00653%3A0xbe3eb831ec02210b!2sHospital%20IMED%20Col%C3%B3n!5e0!3m2!1ses!2ses!4v1774449886338!5m2!1ses!2ses\" width=\"600\" height=\"450\" style=\"border:0;\" allowfullscreen=\"\" loading=\"lazy\" referrerpolicy=\"no-referrer-when-downgrade\"><\/iframe>[\/et_pb_code][\/et_pb_column][\/et_pb_row][\/et_pb_section]<\/p>\n","protected":false},"excerpt":{"rendered":"<p>Spine Surgery BlogBook an appointmentWhatsapp: \u202a644 05 76 61\u202c Email: info@saraburguet.com Or, if you prefer, fill out the followingcontact form and we will call you.Hospital IMED Col\u00f3n Carrer d&#8217;Isabel la Cat\u00f2lica, 12, L&#8217;Eixample, 46004 Val\u00e8ncia, Valencia<\/p>\n","protected":false},"author":1,"featured_media":227731,"parent":0,"menu_order":0,"comment_status":"closed","ping_status":"closed","template":"","meta":{"_et_pb_use_builder":"on","_et_pb_old_content":"","_et_gb_content_width":"","footnotes":""},"class_list":["post-227751","page","type-page","status-publish","has-post-thumbnail","hentry"],"yoast_head":"<!-- This site is optimized with the Yoast SEO plugin v27.1.1 - https:\/\/yoast.com\/product\/yoast-seo-wordpress\/ -->\n<title>News - Dr. Sara Burguet. Spine Surgery<\/title>\n<meta name=\"robots\" content=\"index, follow, max-snippet:-1, max-image-preview:large, max-video-preview:-1\" \/>\n<link rel=\"canonical\" href=\"https:\/\/saraburguet.com\/en\/news\/\" \/>\n<meta property=\"og:locale\" content=\"en_US\" \/>\n<meta property=\"og:type\" content=\"article\" \/>\n<meta property=\"og:title\" content=\"News - Dr. Sara Burguet. Spine Surgery\" \/>\n<meta property=\"og:description\" content=\"Spine Surgery BlogBook an appointmentWhatsapp: \u202a644 05 76 61\u202c Email: info@saraburguet.com Or, if you prefer, fill out the followingcontact form and we will call you.Hospital IMED Col\u00f3n Carrer d&#039;Isabel la Cat\u00f2lica, 12, L&#039;Eixample, 46004 Val\u00e8ncia, Valencia\" \/>\n<meta property=\"og:url\" content=\"https:\/\/saraburguet.com\/en\/news\/\" \/>\n<meta property=\"og:site_name\" content=\"Dr. Sara Burguet. Spine Surgery\" \/>\n<meta property=\"article:modified_time\" content=\"2026-03-25T14:49:32+00:00\" \/>\n<meta property=\"og:image\" content=\"https:\/\/saraburguet.com\/wp-content\/uploads\/2021\/11\/image.jpeg\" \/>\n\t<meta property=\"og:image:width\" content=\"150\" \/>\n\t<meta property=\"og:image:height\" content=\"150\" \/>\n\t<meta property=\"og:image:type\" content=\"image\/jpeg\" \/>\n<meta name=\"twitter:card\" content=\"summary_large_image\" \/>\n<meta name=\"twitter:label1\" content=\"Est. reading time\" \/>\n\t<meta name=\"twitter:data1\" content=\"8 minutes\" \/>\n<script type=\"application\/ld+json\" class=\"yoast-schema-graph\">{\"@context\":\"https:\/\/schema.org\",\"@graph\":[{\"@type\":\"WebPage\",\"@id\":\"https:\/\/saraburguet.com\/en\/news\/\",\"url\":\"https:\/\/saraburguet.com\/en\/news\/\",\"name\":\"News - Dr. Sara Burguet. Spine Surgery\",\"isPartOf\":{\"@id\":\"https:\/\/saraburguet.com\/en\/#website\"},\"primaryImageOfPage\":{\"@id\":\"https:\/\/saraburguet.com\/en\/news\/#primaryimage\"},\"image\":{\"@id\":\"https:\/\/saraburguet.com\/en\/news\/#primaryimage\"},\"thumbnailUrl\":\"https:\/\/saraburguet.com\/wp-content\/uploads\/2021\/11\/image.jpeg\",\"datePublished\":\"2021-02-23T15:34:19+00:00\",\"dateModified\":\"2026-03-25T14:49:32+00:00\",\"breadcrumb\":{\"@id\":\"https:\/\/saraburguet.com\/en\/news\/#breadcrumb\"},\"inLanguage\":\"en-US\",\"potentialAction\":[{\"@type\":\"ReadAction\",\"target\":[\"https:\/\/saraburguet.com\/en\/news\/\"]}]},{\"@type\":\"ImageObject\",\"inLanguage\":\"en-US\",\"@id\":\"https:\/\/saraburguet.com\/en\/news\/#primaryimage\",\"url\":\"https:\/\/saraburguet.com\/wp-content\/uploads\/2021\/11\/image.jpeg\",\"contentUrl\":\"https:\/\/saraburguet.com\/wp-content\/uploads\/2021\/11\/image.jpeg\",\"width\":150,\"height\":150},{\"@type\":\"BreadcrumbList\",\"@id\":\"https:\/\/saraburguet.com\/en\/news\/#breadcrumb\",\"itemListElement\":[{\"@type\":\"ListItem\",\"position\":1,\"name\":\"Home\",\"item\":\"https:\/\/saraburguet.com\/en\/home\/\"},{\"@type\":\"ListItem\",\"position\":2,\"name\":\"News\"}]},{\"@type\":\"WebSite\",\"@id\":\"https:\/\/saraburguet.com\/en\/#website\",\"url\":\"https:\/\/saraburguet.com\/en\/\",\"name\":\"Dra. Sara Burguet. Cirug\u00eda de columna\",\"description\":\"Minimally Invasive Surgery\",\"publisher\":{\"@id\":\"https:\/\/saraburguet.com\/en\/#\/schema\/person\/e44a1944f6b3cc5494e6aa6a28a23ed2\"},\"potentialAction\":[{\"@type\":\"SearchAction\",\"target\":{\"@type\":\"EntryPoint\",\"urlTemplate\":\"https:\/\/saraburguet.com\/en\/?s={search_term_string}\"},\"query-input\":{\"@type\":\"PropertyValueSpecification\",\"valueRequired\":true,\"valueName\":\"search_term_string\"}}],\"inLanguage\":\"en-US\"},{\"@type\":[\"Person\",\"Organization\"],\"@id\":\"https:\/\/saraburguet.com\/en\/#\/schema\/person\/e44a1944f6b3cc5494e6aa6a28a23ed2\",\"name\":\"admin\",\"logo\":{\"@id\":\"https:\/\/saraburguet.com\/en\/#\/schema\/person\/image\/\"},\"sameAs\":[\"http:\/\/saraburguet.com\"]}]}<\/script>\n<!-- \/ Yoast SEO plugin. -->","yoast_head_json":{"title":"News - Dr. Sara Burguet. Spine Surgery","robots":{"index":"index","follow":"follow","max-snippet":"max-snippet:-1","max-image-preview":"max-image-preview:large","max-video-preview":"max-video-preview:-1"},"canonical":"https:\/\/saraburguet.com\/en\/news\/","og_locale":"en_US","og_type":"article","og_title":"News - Dr. Sara Burguet. Spine Surgery","og_description":"Spine Surgery BlogBook an appointmentWhatsapp: \u202a644 05 76 61\u202c Email: info@saraburguet.com Or, if you prefer, fill out the followingcontact form and we will call you.Hospital IMED Col\u00f3n Carrer d'Isabel la Cat\u00f2lica, 12, L'Eixample, 46004 Val\u00e8ncia, Valencia","og_url":"https:\/\/saraburguet.com\/en\/news\/","og_site_name":"Dr. Sara Burguet. Spine Surgery","article_modified_time":"2026-03-25T14:49:32+00:00","og_image":[{"width":150,"height":150,"url":"https:\/\/saraburguet.com\/wp-content\/uploads\/2021\/11\/image.jpeg","type":"image\/jpeg"}],"twitter_card":"summary_large_image","twitter_misc":{"Est. reading time":"8 minutes"},"schema":{"@context":"https:\/\/schema.org","@graph":[{"@type":"WebPage","@id":"https:\/\/saraburguet.com\/en\/news\/","url":"https:\/\/saraburguet.com\/en\/news\/","name":"News - Dr. Sara Burguet. Spine Surgery","isPartOf":{"@id":"https:\/\/saraburguet.com\/en\/#website"},"primaryImageOfPage":{"@id":"https:\/\/saraburguet.com\/en\/news\/#primaryimage"},"image":{"@id":"https:\/\/saraburguet.com\/en\/news\/#primaryimage"},"thumbnailUrl":"https:\/\/saraburguet.com\/wp-content\/uploads\/2021\/11\/image.jpeg","datePublished":"2021-02-23T15:34:19+00:00","dateModified":"2026-03-25T14:49:32+00:00","breadcrumb":{"@id":"https:\/\/saraburguet.com\/en\/news\/#breadcrumb"},"inLanguage":"en-US","potentialAction":[{"@type":"ReadAction","target":["https:\/\/saraburguet.com\/en\/news\/"]}]},{"@type":"ImageObject","inLanguage":"en-US","@id":"https:\/\/saraburguet.com\/en\/news\/#primaryimage","url":"https:\/\/saraburguet.com\/wp-content\/uploads\/2021\/11\/image.jpeg","contentUrl":"https:\/\/saraburguet.com\/wp-content\/uploads\/2021\/11\/image.jpeg","width":150,"height":150},{"@type":"BreadcrumbList","@id":"https:\/\/saraburguet.com\/en\/news\/#breadcrumb","itemListElement":[{"@type":"ListItem","position":1,"name":"Home","item":"https:\/\/saraburguet.com\/en\/home\/"},{"@type":"ListItem","position":2,"name":"News"}]},{"@type":"WebSite","@id":"https:\/\/saraburguet.com\/en\/#website","url":"https:\/\/saraburguet.com\/en\/","name":"Dra. Sara Burguet. Cirug\u00eda de columna","description":"Minimally Invasive Surgery","publisher":{"@id":"https:\/\/saraburguet.com\/en\/#\/schema\/person\/e44a1944f6b3cc5494e6aa6a28a23ed2"},"potentialAction":[{"@type":"SearchAction","target":{"@type":"EntryPoint","urlTemplate":"https:\/\/saraburguet.com\/en\/?s={search_term_string}"},"query-input":{"@type":"PropertyValueSpecification","valueRequired":true,"valueName":"search_term_string"}}],"inLanguage":"en-US"},{"@type":["Person","Organization"],"@id":"https:\/\/saraburguet.com\/en\/#\/schema\/person\/e44a1944f6b3cc5494e6aa6a28a23ed2","name":"admin","logo":{"@id":"https:\/\/saraburguet.com\/en\/#\/schema\/person\/image\/"},"sameAs":["http:\/\/saraburguet.com"]}]}},"jetpack_sharing_enabled":true,"_links":{"self":[{"href":"https:\/\/saraburguet.com\/en\/wp-json\/wp\/v2\/pages\/227751","targetHints":{"allow":["GET"]}}],"collection":[{"href":"https:\/\/saraburguet.com\/en\/wp-json\/wp\/v2\/pages"}],"about":[{"href":"https:\/\/saraburguet.com\/en\/wp-json\/wp\/v2\/types\/page"}],"author":[{"embeddable":true,"href":"https:\/\/saraburguet.com\/en\/wp-json\/wp\/v2\/users\/1"}],"replies":[{"embeddable":true,"href":"https:\/\/saraburguet.com\/en\/wp-json\/wp\/v2\/comments?post=227751"}],"version-history":[{"count":5,"href":"https:\/\/saraburguet.com\/en\/wp-json\/wp\/v2\/pages\/227751\/revisions"}],"predecessor-version":[{"id":228107,"href":"https:\/\/saraburguet.com\/en\/wp-json\/wp\/v2\/pages\/227751\/revisions\/228107"}],"wp:featuredmedia":[{"embeddable":true,"href":"https:\/\/saraburguet.com\/en\/wp-json\/wp\/v2\/media\/227731"}],"wp:attachment":[{"href":"https:\/\/saraburguet.com\/en\/wp-json\/wp\/v2\/media?parent=227751"}],"curies":[{"name":"wp","href":"https:\/\/api.w.org\/{rel}","templated":true}]}}